{"id":2,"date":"2020-03-07T10:11:29","date_gmt":"2020-03-07T10:11:29","guid":{"rendered":"https:\/\/ec-irging.de\/?page_id=2"},"modified":"2023-01-05T14:10:10","modified_gmt":"2023-01-05T14:10:10","slug":"sample-page","status":"publish","type":"page","link":"https:\/\/ec-irging.de\/?page_id=2","title":{"rendered":"Vereinschronik"},"content":{"rendered":"\r\n<p align=\"center\"><b><span style=\"color: #0000cc;\">Vereinschronik des EC Irging \u2013\u00a0<\/span><\/b><\/p>\r\n<p align=\"center\"><b><span style=\"color: #0000cc;\">Simbach am Inn e.V.<\/span><\/b><\/p>\r\n<p>&nbsp;<\/p>\r\n<p align=\"JUSTIFY\"><b><span style=\"color: #0000cc;\">Wo liegt \u00fcberhaupt Irging?\u00a0<\/span><\/b><\/p>\r\n<p align=\"JUSTIFY\"><b><span style=\"color: #0000cc;\">Irging liegt an der Staatsstra\u00dfe Simbach am Inn \u2013 Pfarrkirchen, etwa 3 km au\u00dferhalb Simbach am Inn, hatte bis 1963 lediglich das Gasthaus \u201eZum Stillerwirt&#8220; sowie 4 Bauernh\u00f6fe und 5 Wohnh\u00e4user, bis im Fr\u00fchjahr desselben Jahres bei einer Stammtischrunde beschlossen wurde: \u201eWir gr\u00fcnden einen Eissch\u00fctzenverein!&#8220;. So fackelte man nicht lange, und folgende Sportfreunde trugen sich als Gr\u00fcndungsmitglieder ein:<\/span><\/b><\/p>\r\n<p align=\"JUSTIFY\"><span style=\"font-family: Arial;\"><span style=\"color: #0000cc;\"><b>Allig Johann, Braunsperger Franz, Braunsperger Georg, Gsch\u00f6derer Engelbert, Iretzberger<\/b><\/span><\/span><span style=\"color: #0000cc;\"><b> <span style=\"font-family: Arial;\">Georg, Seeburger Robert, Spateneder Johann, Schr\u00e4dobler Franz, Schwiebacher Franz, Steinberger Max, Stiller Alois, Stiller Helmut, Zinsberger Heinrich.<\/span><\/b><\/span><\/p>\r\n<p align=\"JUSTIFY\"><span style=\"font-family: Arial;\"><b><span style=\"color: #0000cc;\">Als 1. Vorsitzender wurde Johann Spateneder bestimmt.<\/span><\/b><\/span><\/p>\r\n<p align=\"JUSTIFY\"><b><span style=\"color: #0000cc;\">Im Jahre 1969 \u00fcbernahm dann der Bauunternehmer Engelbert Gsch\u00f6derer den Posten als 1. Vorsitzender. Dieser ging dann mit der Heimatbrauerei Weideneder daran, das mietweise zur Verf\u00fcgung gestellte Grundst\u00fcck beim \u201eGasthaus Stillerwirt&#8220; im Jahre 1970 mit 2 Asphaltbahnen zu versehen. Im Winter 1970 trat dann der Verein unter dem Namen \u201eEC Irging \u2013 Simbach am Inn&#8220; dem Eisschie\u00dfverband bei und beteiligte sich auch schon an Meisterschaften. 1972 erfolgte die Gr\u00fcndung einer Jugendabteilung, der von Anfang an als Betreuer und Trainer der \u201eBauer Sepp&#8220; vorstand. Unter seiner Regie wuchs diese Abteilung zusehends und so blieben auch die Erfolge nicht aus, \u00fcber die separat berichtet wird. 1978 wurde dann, nach dem erfolgreichen Abschneiden bei der Jugend-Europameisterschaft in Innsbruck, eine Damenabteilung gegr\u00fcndet. Auch hier stellte sich der Erfolg bald ein, siehe hierzu <a href=\"http:\/\/alt.ec-irging.de\/damen.htm\">separate Aufzeichnungen<\/a>. Die Herren lie\u00dfen sich auch nicht lumpen und zeigten ihr gutes K\u00f6nnen bereits bei vielen Privatturnieren. Bereits 1975\/76 schafften sie in \u00fcberlegener Manier den Aufstieg in die Landesliga, erbrachten Jahr f\u00fcr Jahr ausgezeichnete Leistungen, die mit dem Aufstieg in die Bundesliga 2000\/01 ihren vorl\u00e4ufigen H\u00f6hepunkt erreichten.<\/span><\/b><\/p>\r\n<p align=\"JUSTIFY\"><b><span style=\"color: #0000cc;\">Nachdem die Aktiven im Verein zwischenzeitlich auf ca. 80 Personen angewachsen waren und im Sommer bei schlechten Witterungsbedingungen die Trainingsm\u00f6glichkeiten sehr begrenzt waren, beschloss man nach langem \u00dcberlegen und Abw\u00e4gung der finanziellen M\u00f6glichkeiten den Bau einer Trainingshalle. Unter starker Mithilfe des Landkreises, der Stadt Simbach am Inn, der Brauerei Weideneder und vieler Mitglieder, G\u00f6nner und Freunde des Vereines wagte man sich im Jahre 1981 an den Bau einer Halle in der Gr\u00f6\u00dfe 45,00 m x 10,00 m \u00fcber die bereits bestehenden 2 Asphaltbahnen heran. Ein Novum dieser Halle ist, dass sie unter Umst\u00e4nden innerhalb k\u00fcrzester Zeit abgebaut und an einer anderen Stelle wieder errichtet werden k\u00f6nnte.<\/span><\/b><\/p>\r\n<p align=\"JUSTIFY\"><b><span style=\"color: #0000cc;\">1971 f\u00fchrte man erstmals eine interne Vereinsmeisterschaft durch, wobei das Einzelschie\u00dfen auf der Anlage in Irging und die Mannschaftsmeisterschaft auf der Anlage in Ering ausgetragen wurden. Diese Meisterschaft fand heuer bereits zum 35. Male statt, wobei man zwischenzeitlich das Mannschaftsschie\u00dfen in der Karthalle Atzing durchf\u00fchren kann.<\/span><\/b><\/p>\r\n<p align=\"JUSTIFY\"><b><span style=\"color: #0000cc;\">Diese Halle dient nicht nur zum Training f\u00fcr alle Aktiven sondern eignet sich auch bestens f\u00fcr andere Aktivit\u00e4ten. F\u00fcr Geburtstagsfeiern etc. hat sich die abteilbare Halle bestens bew\u00e4hrt. So feiert heuer der Verein bereits das 25-j\u00e4hrige Hallenfest mit gleichzeitiger Austragung von international besetzten Asphaltturnieren. An diesen Turnieren beteiligten sich seit 1971 bis 2004 insgesamt 128 verschiedene Vereine mit insgesamt 819 Mannschaften. Bei den Mixedbewerben gingen erstmals 1983 bis 2004 insgesamt 72 verschiedene Vereine mit 345 Mannschaften an den Start.<\/span><\/b><\/p>\r\n<p align=\"JUSTIFY\"><b><span style=\"color: #0000cc;\">Auch im Veranstaltungskalender der Stadt Simbach am Inn zeigt sich der EC Irging sehr pr\u00e4sent. So organisierte man in den Jahren 1971, 1972 und 1974 Faschungsumz\u00fcge, bei denen teilweise mehr als 10.000 Besucher gez\u00e4hlt werden konnten. Die erstmals im Jahre 1979 ausgetragene offene Stadtmeisterschaft im Stockschie\u00dfen wird bis heute noch durchgef\u00fchrt und zeigt nach wie vor gro\u00dfe Beliebtheit bei den Hobbyspielern. Auch bei den allj\u00e4hrlichen Stadtfesten ist man seit Anfang an dabei und auch die Ausz\u00fcge bei der Pfingstdult gestaltet der Verein mit. Bereits seit 1973 h\u00e4lt man jedes Jahr im Vereinslokal in Irging Faschingskr\u00e4nzchen ab, die ein fester Bestandsteil im \u201eIrginger Nachtleben&#8220; sind. Seit 1999 gestaltet der EC Irging auch eine Maiandacht, die bei der Marienkapelle auf dem Beigertshamer Hof in Eggstetten abgehalten wird.<\/span><\/b><\/p>\r\n<p align=\"JUSTIFY\"><b><span style=\"color: #0000cc;\">H\u00f6hepunkte im Vereinsleben sind nach wie vor die j\u00e4hrlichen Fahrten nach Au\u00dfervillgraten in Osttirol, die nun bereits seit 1979 regelm\u00e4\u00dfig durchgef\u00fchrt werden, wobei die Herren schon 9 mal als Sieger bei der \u201eThurntaler Troph\u00e4e&#8220; hervorgingen.<\/span><\/b><\/p>\r\n<p align=\"JUSTIFY\"><b><span style=\"color: #0000cc;\">Auch die Ausfl\u00fcge nach Herzogenaurach sowie Nussdorf-Debant\/Osttirol sind in Verbindung mit Asphaltturnieren sehr beliebt bei den Aktiven.<\/span><\/b><\/p>\r\n<p align=\"JUSTIFY\"><b><span style=\"color: #0000cc;\">Den Landkreistitel mit Gewinn der Kaiserkanne eroberten die Herren bereits 5 mal, die Damen waren bisher 2 mal erfolgreich.<\/span><\/b><\/p>\r\n<p align=\"JUSTIFY\"><b><span style=\"color: #0000cc;\">Auch auf dem Fu\u00dfballfeld ma\u00dfen die Stocksch\u00fctzen ihre Kr\u00e4fte mit Nachbarvereinen wie Wittibreut und Reut, wobei es teilweise respektable Ergebnisse gab.<\/span><\/b><\/p>\r\n<p align=\"JUSTIFY\"><b><span style=\"color: #0000cc;\">Nach dem Tod von 1. Vorstand Engelbert Gsch\u00f6derer im Jahre 1986 \u00fcbernahm Karl Glas den Vorsitz. Aus gesundheitlichen Gr\u00fcnden konnte er 1993 den Vorsitz nicht mehr annehmen, so dass der bisherige Vize Karl Schwinghammer einstimmig gew\u00e4hlt wurde und bis dato als 1. Vorsitzender an der Spitze des EC Irging steht.<\/span><\/b><\/p>\r\n<p align=\"JUSTIFY\"><b><span style=\"color: #0000cc;\">Auch \u00fcber Schicksalsschl\u00e4ge kam der EC Irging nicht hinweg. So verstarb Vorsitzender Engelbert Gsch\u00f6derer 1986 mit 67 Jahren. Auch der 1987 zum 1. Vorstand gew\u00e4hlte Karl Glas musste aufgrund einer schweren Krankheit \u2013an der er im Jahre 2002 verstarb- 1992 sein Amt niederlegen. Seit 1993 steht nun mit Karl Schwinghammer ein Sportkamerad an der Vereinsspitze, der bereits seit 1965 Mitglied beim EC Irging ist und schon als Schriftf\u00fchrer, Spielleiter und 2. Vorsitzender sowie als Archivar verschiedene \u00c4mter innerhalb der Vorstandschaft bekleidete. Ein gro\u00dfes Loch hinterlie\u00df auch Damensprecherin Elisabeth Hinterwimmer, die im Jahre 1990 mit nur 52 Jahren durch einen Verkehrsunfall ihr Leben lassen musste. Auch der 1995 zum Vereinskassier gew\u00e4hlte Walter Schreiner war erst 61 Jahre alt, als er ebenfalls durch einen Verkehrsunfall aus unserer Mitte gerissen wurde.<\/span><\/b><\/p>\r\n<p align=\"JUSTIFY\"><b><span style=\"color: #0000cc;\">Aber auch auf sch\u00f6ne Momente und Geschehnisse kann der EC Irging zur\u00fcck blicken. So waren die 20- und auch die 40-Jahrfeiern 1983 und 2003 H\u00f6hepunkte im Vereinsgeschehen, die alle in der Sporthalle in Irging gefeiert werden konnten. Hierbei stachen besonders die Ehrungen der noch lebenden Gr\u00fcndungsmitglieder Braunsperger Franz, Iretzberger Georg, Schwiebacher Franz, Seeburger Robert, Stiller Alois und Stiller Helmut. Im Jahre 2002 wurde dem EC Irging der \u201eDeutsche Pokal f\u00fcr Damen- und Herrenteams&#8220; zugeteilt, die in der Karthalle in Atzing ausgetragen wurden. Die nachtr\u00e4gliche Siegerehrung in der festlich geschm\u00fcckten Sporthalle in Irging wird sicher noch allen Aktiven aus ganz Deutschland in guter Erinnerung bleiben.<\/span><\/b><\/p>\r\n<p>&nbsp;<\/p>\r\n","protected":false},"excerpt":{"rendered":"<p>Vereinschronik des EC Irging \u2013\u00a0 Simbach am Inn e.V. &nbsp; Wo liegt \u00fcberhaupt Irging?\u00a0 Irging liegt an der Staatsstra\u00dfe Simbach am Inn \u2013 Pfarrkirchen, etwa 3 km au\u00dferhalb Simbach am Inn, hatte bis 1963 lediglich das Gasthaus \u201eZum Stillerwirt&#8220; sowie 4 Bauernh\u00f6fe und 5 Wohnh\u00e4user, bis im Fr\u00fchjahr desselben Jahres bei einer Stammtischrunde beschlossen wurde: \u201eWir gr\u00fcnden einen Eissch\u00fctzenverein!&#8220;. So fackelte man nicht lange, und folgende Sportfreunde trugen sich als Gr\u00fcndungsmitglieder ein: Allig Johann, Braunsperger Franz, Braunsperger Georg, Gsch\u00f6derer Engelbert, Iretzberger Georg, Seeburger Robert, Spateneder Johann, Schr\u00e4dobler Franz, Schwiebacher Franz, Steinberger Max, Stiller Alois, Stiller Helmut, Zinsberger Heinrich. Als 1. Vorsitzender wurde Johann Spateneder bestimmt. Im Jahre 1969 \u00fcbernahm dann der Bauunternehmer Engelbert Gsch\u00f6derer den Posten als 1. Vorsitzender. Dieser ging dann mit der Heimatbrauerei Weideneder daran, das mietweise zur Verf\u00fcgung gestellte Grundst\u00fcck beim \u201eGasthaus Stillerwirt&#8220; im Jahre 1970 mit 2 Asphaltbahnen zu versehen. Im Winter 1970 trat dann der Verein unter dem Namen \u201eEC Irging \u2013 Simbach am Inn&#8220; dem Eisschie\u00dfverband bei und beteiligte sich auch schon an Meisterschaften. 1972 erfolgte die Gr\u00fcndung einer Jugendabteilung, der von Anfang an als Betreuer und Trainer der \u201eBauer Sepp&#8220; vorstand. Unter seiner Regie wuchs diese Abteilung zusehends und so blieben auch die Erfolge nicht aus, \u00fcber die separat berichtet wird. 1978 wurde dann, nach dem erfolgreichen Abschneiden bei der Jugend-Europameisterschaft in Innsbruck, eine Damenabteilung gegr\u00fcndet. Auch hier stellte sich der Erfolg bald ein, siehe hierzu separate Aufzeichnungen. Die Herren lie\u00dfen sich auch nicht lumpen und zeigten ihr gutes K\u00f6nnen bereits bei vielen Privatturnieren. Bereits 1975\/76 schafften sie in \u00fcberlegener Manier den Aufstieg in die Landesliga, erbrachten Jahr f\u00fcr Jahr ausgezeichnete Leistungen, die mit dem Aufstieg in die Bundesliga 2000\/01 ihren vorl\u00e4ufigen H\u00f6hepunkt erreichten. Nachdem die Aktiven im Verein zwischenzeitlich auf ca. 80 Personen angewachsen waren und im Sommer bei schlechten Witterungsbedingungen die Trainingsm\u00f6glichkeiten sehr begrenzt waren, beschloss man nach langem \u00dcberlegen und Abw\u00e4gung der finanziellen M\u00f6glichkeiten den Bau einer Trainingshalle. Unter starker Mithilfe des Landkreises, der Stadt Simbach am Inn, der Brauerei Weideneder und vieler Mitglieder, G\u00f6nner und Freunde des Vereines wagte man sich im Jahre 1981 an den Bau einer Halle in der Gr\u00f6\u00dfe 45,00 m x 10,00 m \u00fcber die bereits bestehenden 2 Asphaltbahnen heran. Ein Novum dieser Halle ist, dass sie unter Umst\u00e4nden innerhalb k\u00fcrzester Zeit abgebaut und an einer anderen Stelle wieder errichtet werden k\u00f6nnte. 1971 f\u00fchrte man erstmals eine interne Vereinsmeisterschaft durch, wobei das Einzelschie\u00dfen auf der Anlage in Irging und die Mannschaftsmeisterschaft auf der Anlage in Ering ausgetragen wurden. Diese Meisterschaft fand heuer bereits zum 35. Male statt, wobei man zwischenzeitlich das Mannschaftsschie\u00dfen in der Karthalle Atzing durchf\u00fchren kann. Diese Halle dient nicht nur zum Training f\u00fcr alle Aktiven sondern eignet sich auch bestens f\u00fcr andere Aktivit\u00e4ten. F\u00fcr Geburtstagsfeiern etc. hat sich die abteilbare Halle bestens bew\u00e4hrt. So feiert heuer der Verein bereits das 25-j\u00e4hrige Hallenfest mit gleichzeitiger Austragung von international besetzten Asphaltturnieren. An diesen Turnieren beteiligten sich seit 1971 bis 2004 insgesamt 128 verschiedene Vereine mit insgesamt 819 Mannschaften. Bei den Mixedbewerben gingen erstmals 1983 bis 2004 insgesamt 72 verschiedene Vereine mit 345 Mannschaften an den Start. Auch im Veranstaltungskalender der Stadt Simbach am Inn zeigt sich der EC Irging sehr pr\u00e4sent. So organisierte man in den Jahren 1971, 1972 und 1974 Faschungsumz\u00fcge, bei denen teilweise mehr als 10.000 Besucher gez\u00e4hlt werden konnten. Die erstmals im Jahre 1979 ausgetragene offene Stadtmeisterschaft im Stockschie\u00dfen wird bis heute noch durchgef\u00fchrt und zeigt nach wie vor gro\u00dfe Beliebtheit bei den Hobbyspielern. Auch bei den allj\u00e4hrlichen Stadtfesten ist man seit Anfang an dabei und auch die Ausz\u00fcge bei der Pfingstdult gestaltet der Verein mit. Bereits seit 1973 h\u00e4lt man jedes Jahr im Vereinslokal in Irging Faschingskr\u00e4nzchen ab, die ein fester Bestandsteil im \u201eIrginger Nachtleben&#8220; sind. Seit 1999 gestaltet der EC Irging auch eine Maiandacht, die bei der Marienkapelle auf dem Beigertshamer Hof in Eggstetten abgehalten wird. H\u00f6hepunkte im Vereinsleben sind nach wie vor die j\u00e4hrlichen Fahrten nach Au\u00dfervillgraten in Osttirol, die nun bereits seit 1979 regelm\u00e4\u00dfig durchgef\u00fchrt werden, wobei die Herren schon 9 mal als Sieger bei der \u201eThurntaler Troph\u00e4e&#8220; hervorgingen. Auch die Ausfl\u00fcge nach Herzogenaurach sowie Nussdorf-Debant\/Osttirol sind in Verbindung mit Asphaltturnieren sehr beliebt bei den Aktiven. Den Landkreistitel mit Gewinn der Kaiserkanne eroberten die Herren bereits 5 mal, die Damen waren bisher 2 mal erfolgreich. Auch auf dem Fu\u00dfballfeld ma\u00dfen die Stocksch\u00fctzen ihre Kr\u00e4fte mit Nachbarvereinen wie Wittibreut und Reut, wobei es teilweise respektable Ergebnisse gab. Nach dem Tod von 1. Vorstand Engelbert Gsch\u00f6derer im Jahre 1986 \u00fcbernahm Karl Glas den Vorsitz. Aus gesundheitlichen Gr\u00fcnden konnte er 1993 den Vorsitz nicht mehr annehmen, so dass der bisherige Vize Karl Schwinghammer einstimmig gew\u00e4hlt wurde und bis dato als 1. Vorsitzender an der Spitze des EC Irging steht. Auch \u00fcber Schicksalsschl\u00e4ge kam der EC Irging nicht hinweg. So verstarb Vorsitzender Engelbert Gsch\u00f6derer 1986 mit 67 Jahren. Auch der 1987 zum 1. Vorstand gew\u00e4hlte Karl Glas musste aufgrund einer schweren Krankheit \u2013an der er im Jahre 2002 verstarb- 1992 sein Amt niederlegen. Seit 1993 steht nun mit Karl Schwinghammer ein Sportkamerad an der Vereinsspitze, der bereits seit 1965 Mitglied beim EC Irging ist und schon als Schriftf\u00fchrer, Spielleiter und 2. Vorsitzender sowie als Archivar verschiedene \u00c4mter innerhalb der Vorstandschaft bekleidete. Ein gro\u00dfes Loch hinterlie\u00df auch Damensprecherin Elisabeth Hinterwimmer, die im Jahre 1990 mit nur 52 Jahren durch einen Verkehrsunfall ihr Leben lassen musste. Auch der 1995 zum Vereinskassier gew\u00e4hlte Walter Schreiner war erst 61 Jahre alt, als er ebenfalls durch einen Verkehrsunfall aus unserer Mitte gerissen wurde. Aber auch auf sch\u00f6ne Momente und Geschehnisse kann der EC Irging zur\u00fcck blicken. So waren die 20- und auch die 40-Jahrfeiern 1983 und 2003 H\u00f6hepunkte im Vereinsgeschehen, die alle in der Sporthalle in Irging gefeiert werden konnten. Hierbei stachen besonders die Ehrungen der noch lebenden Gr\u00fcndungsmitglieder Braunsperger Franz, Iretzberger Georg, Schwiebacher Franz, Seeburger Robert, Stiller Alois und Stiller Helmut. Im Jahre 2002 wurde dem EC Irging der \u201eDeutsche Pokal f\u00fcr Damen- und Herrenteams&#8220; zugeteilt, die in der Karthalle in Atzing ausgetragen wurden. Die nachtr\u00e4gliche Siegerehrung in der festlich geschm\u00fcckten Sporthalle in Irging wird sicher noch allen Aktiven aus ganz Deutschland in guter Erinnerung bleiben. &nbsp;<\/p>\n","protected":false},"author":1,"featured_media":0,"parent":0,"menu_order":0,"comment_status":"closed","ping_status":"open","template":"","meta":{"_monsterinsights_skip_tracking":false,"_monsterinsights_sitenote_active":false,"_monsterinsights_sitenote_note":"","_monsterinsights_sitenote_category":0,"footnotes":""},"aioseo_notices":[],"featured_media_urls":[],"_links":{"self":[{"href":"https:\/\/ec-irging.de\/index.php?rest_route=\/wp\/v2\/pages\/2"}],"collection":[{"href":"https:\/\/ec-irging.de\/index.php?rest_route=\/wp\/v2\/pages"}],"about":[{"href":"https:\/\/ec-irging.de\/index.php?rest_route=\/wp\/v2\/types\/page"}],"author":[{"embeddable":true,"href":"https:\/\/ec-irging.de\/index.php?rest_route=\/wp\/v2\/users\/1"}],"replies":[{"embeddable":true,"href":"https:\/\/ec-irging.de\/index.php?rest_route=%2Fwp%2Fv2%2Fcomments&post=2"}],"version-history":[{"count":1,"href":"https:\/\/ec-irging.de\/index.php?rest_route=\/wp\/v2\/pages\/2\/revisions"}],"predecessor-version":[{"id":25,"href":"https:\/\/ec-irging.de\/index.php?rest_route=\/wp\/v2\/pages\/2\/revisions\/25"}],"wp:attachment":[{"href":"https:\/\/ec-irging.de\/index.php?rest_route=%2Fwp%2Fv2%2Fmedia&parent=2"}],"curies":[{"name":"wp","href":"https:\/\/api.w.org\/{rel}","templated":true}]}}